{"id":125,"date":"2017-11-12T18:22:51","date_gmt":"2017-11-12T17:22:51","guid":{"rendered":"http:\/\/sobreurbano.com\/?page_id=125"},"modified":"2020-01-05T16:49:46","modified_gmt":"2020-01-05T15:49:46","slug":"descargas","status":"publish","type":"page","link":"https:\/\/sobreurbano.com\/index.php\/descargas\/","title":{"rendered":"Descargas"},"content":{"rendered":"<h5 style=\"text-align: center;\"><span style=\"color: #333399;\"><strong>En esta p\u00e1gina podr\u00e1s descargar aquellos archivos descritos en el blog.<\/strong><\/span><\/h5>\n<p>Actualizaci\u00f3n del c\u00f3digo GRBL original 0.8 al nuevo 1.1f distribuido en c\u00f3digo abierto por Github. M\u00e1s informaci\u00f3n en Ingl\u00e9s:<\/p>\n<p><a href=\"https:\/\/github.com\/1wise\/grblv1.1-laseraxe\">https:\/\/github.com\/1wise\/grblv1.1-laseraxe<\/a><\/p>\n<p>C\u00f3digo GRBL para CNC Laseraxe Mini V1.1f:<br \/>\n<a href=\"http:\/\/www.sobreurbano.com\/wp-content\/dscrgs\/grbl_1.1f_Laseraxe.hex\">GRBL 1.1 Laseraxe<\/a><br \/>\n<span style=\"color: #0000ff;\"><em>Pulsar bot\u00f3n\u00a0derecho y &#8220;guardar enlace como&#8221;<\/em><\/span><\/p>\n<p>C\u00f3digo completo en ZIP CNC Laseraxe Mini V1.1f:<br \/>\n<a href=\"http:\/\/sobreurbano.com\/wp-content\/uploads\/2017\/11\/grbl-1.1f.20171101.zip\" target=\"_blank\" rel=\"noopener noreferrer\">GRBL 1.1 Laseraxe.zip<\/a><\/p>\n","protected":false},"excerpt":{"rendered":"<p>En esta p\u00e1gina podr\u00e1s descargar aquellos archivos descritos en el blog. Actualizaci\u00f3n del c\u00f3digo GRBL original 0.8 al nuevo 1.1f distribuido en c\u00f3digo abierto por Github. M\u00e1s informaci\u00f3n en Ingl\u00e9s: https:\/\/github.com\/1wise\/grblv1.1-laseraxe C\u00f3digo GRBL para CNC Laseraxe Mini V1.1f: GRBL 1.1 Laseraxe Pulsar bot\u00f3n\u00a0derecho y &#8220;guardar enlace como&#8221; C\u00f3digo completo en ZIP CNC Laseraxe Mini V1.1f: &hellip; <a href=\"https:\/\/sobreurbano.com\/index.php\/descargas\/\" class=\"more-link\">Seguir leyendo <span class=\"screen-reader-text\">Descargas<\/span> <span class=\"meta-nav\">&rarr;<\/span><\/a><\/p>\n","protected":false},"author":1,"featured_media":0,"parent":0,"menu_order":0,"comment_status":"closed","ping_status":"closed","template":"page-templates\/full-width.php","meta":[],"wppr_data":{"cwp_meta_box_check":"No"},"_links":{"self":[{"href":"https:\/\/sobreurbano.com\/index.php\/wp-json\/wp\/v2\/pages\/125"}],"collection":[{"href":"https:\/\/sobreurbano.com\/index.php\/wp-json\/wp\/v2\/pages"}],"about":[{"href":"https:\/\/sobreurbano.com\/index.php\/wp-json\/wp\/v2\/types\/page"}],"author":[{"embeddable":true,"href":"https:\/\/sobreurbano.com\/index.php\/wp-json\/wp\/v2\/users\/1"}],"replies":[{"embeddable":true,"href":"https:\/\/sobreurbano.com\/index.php\/wp-json\/wp\/v2\/comments?post=125"}],"version-history":[{"count":8,"href":"https:\/\/sobreurbano.com\/index.php\/wp-json\/wp\/v2\/pages\/125\/revisions"}],"predecessor-version":[{"id":162,"href":"https:\/\/sobreurbano.com\/index.php\/wp-json\/wp\/v2\/pages\/125\/revisions\/162"}],"wp:attachment":[{"href":"https:\/\/sobreurbano.com\/index.php\/wp-json\/wp\/v2\/media?parent=125"}],"curies":[{"name":"wp","href":"https:\/\/api.w.org\/{rel}","templated":true}]}}