{"id":2,"date":"2017-11-10T17:03:17","date_gmt":"2017-11-10T17:03:17","guid":{"rendered":"http:\/\/sobreurbano.com\/?page_id=2"},"modified":"2017-11-12T17:55:00","modified_gmt":"2017-11-12T16:55:00","slug":"pagina-ejemplo","status":"publish","type":"page","link":"https:\/\/sobreurbano.com\/index.php\/pagina-ejemplo\/","title":{"rendered":"Sobre m\u00ed."},"content":{"rendered":"<p>Siempre con la inquietud de saber como funcionan las cosas, sino, que se lo digan a los juguetes que tuve de peque\u00f1o, que no duraban mucho sin ser desmontados.<\/p>\n<p>Profesionalmente siempre he estado dedicado a la electr\u00f3nica y la mec\u00e1nica. Electr\u00f3nico de estudios, pero mi actividad laboral se ha dividido normalmente entre la electr\u00f3nica y la mec\u00e1nica.<\/p>\n<p>Durante unos catorce a\u00f1os desempe\u00f1e mi labor como t\u00e9cnico de mantenimiento y t\u00e9cnico de campo en la reparaci\u00f3n de maquinaria aut\u00f3mata en el campo del CAD (<a title=\"Computer-aided design\" href=\"https:\/\/en.wikipedia.org\/wiki\/Computer-aided_design\">computer-aided design<\/a>), CAM (<a title=\"Computer-aided manufacturing\" href=\"https:\/\/en.wikipedia.org\/wiki\/Computer-aided_manufacturing\">computer-aided manufacturing<\/a>) y CIM (Computer-integrated manufacturing).<br \/>\nPosteriormente cambi\u00e9 totalmente, dedic\u00e1ndome a la reparaci\u00f3n y mantenimientos de veh\u00edculos de emergencia y veh\u00edculos de rescate en altura para los cuerpos de bomberos, en el campo de la electr\u00f3nica, la mec\u00e1nica y la hidr\u00e1ulica, sin contar la parte del fabricante del chasis.<\/p>\n<p>En el \u00e1mbito personal aprovecho mi tiempo libre investigando, dise\u00f1ando y alguna vez \ud83d\ude09 construyendo los dise\u00f1os que se me pasan por la cabeza.<\/p>\n<p>Decid\u00ed abrir este blog para poder dar salida a todo aquello que aprendo, que pueda ser \u00fatil a los dem\u00e1s, y como no, para que me rectifiquen en caso de estar equivocado. Se que alg\u00fan d\u00eda dejar\u00e9 de estar en este mundo y no quiero ser tan ego\u00edsta como para llevarme esos conocimientos conmigo. De los benes f\u00edsicos, ya se encargar\u00e1 alguien.<\/p>\n","protected":false},"excerpt":{"rendered":"<p>Siempre con la inquietud de saber como funcionan las cosas, sino, que se lo digan a los juguetes que tuve de peque\u00f1o, que no duraban mucho sin ser desmontados. Profesionalmente siempre he estado dedicado a la electr\u00f3nica y la mec\u00e1nica. Electr\u00f3nico de estudios, pero mi actividad laboral se ha dividido normalmente entre la electr\u00f3nica y &hellip; <a href=\"https:\/\/sobreurbano.com\/index.php\/pagina-ejemplo\/\" class=\"more-link\">Seguir leyendo <span class=\"screen-reader-text\">Sobre m\u00ed.<\/span> <span class=\"meta-nav\">&rarr;<\/span><\/a><\/p>\n","protected":false},"author":1,"featured_media":0,"parent":0,"menu_order":0,"comment_status":"closed","ping_status":"open","template":"","meta":[],"wppr_data":{"cwp_meta_box_check":"No"},"_links":{"self":[{"href":"https:\/\/sobreurbano.com\/index.php\/wp-json\/wp\/v2\/pages\/2"}],"collection":[{"href":"https:\/\/sobreurbano.com\/index.php\/wp-json\/wp\/v2\/pages"}],"about":[{"href":"https:\/\/sobreurbano.com\/index.php\/wp-json\/wp\/v2\/types\/page"}],"author":[{"embeddable":true,"href":"https:\/\/sobreurbano.com\/index.php\/wp-json\/wp\/v2\/users\/1"}],"replies":[{"embeddable":true,"href":"https:\/\/sobreurbano.com\/index.php\/wp-json\/wp\/v2\/comments?post=2"}],"version-history":[{"count":5,"href":"https:\/\/sobreurbano.com\/index.php\/wp-json\/wp\/v2\/pages\/2\/revisions"}],"predecessor-version":[{"id":122,"href":"https:\/\/sobreurbano.com\/index.php\/wp-json\/wp\/v2\/pages\/2\/revisions\/122"}],"wp:attachment":[{"href":"https:\/\/sobreurbano.com\/index.php\/wp-json\/wp\/v2\/media?parent=2"}],"curies":[{"name":"wp","href":"https:\/\/api.w.org\/{rel}","templated":true}]}}