{"id":62,"date":"2017-11-11T16:14:49","date_gmt":"2017-11-11T15:14:49","guid":{"rendered":"http:\/\/sobreurbano.com\/?page_id=62"},"modified":"2017-11-12T17:08:26","modified_gmt":"2017-11-12T16:08:26","slug":"mas-sobre-las-cookies","status":"publish","type":"page","link":"https:\/\/sobreurbano.com\/index.php\/mas-sobre-las-cookies\/","title":{"rendered":"Mas sobre las cookies"},"content":{"rendered":"<h1>Pol\u00edtica de privacidad<\/h1>\n<p>sobreurbano.com puede utilizar cookies propias y de terceros. Las cookies son peque\u00f1os ficheros de datos que se generan en el ordenador del usuario y que nos permiten conocer la siguiente informaci\u00f3n:<\/p>\n<ul>\n<li>La fecha y la hora de la \u00faltima vez que el usuario visit\u00f3 nuestro sitio web.<\/li>\n<li>El dise\u00f1o de contenidos que el usuario escogi\u00f3 en su primera vista a nuestro sitio web.<\/li>\n<li>Elementos de seguridad que intervienen en el control de acceso a las \u00e1reas restringidas.<\/li>\n<li>Anal\u00edtica web de Google.<\/li>\n<\/ul>\n<p>El Usuario tiene la opci\u00f3n de impedir la generaci\u00f3n de cookies, mediante la selecci\u00f3n de la correspondiente opci\u00f3n en su programa Navegador.<\/p>\n<p>Para m\u00e1s informaci\u00f3n sobre la forma de ajustar sus configuraciones de cookies en los siguientes navegadores, le remitimos al enlace pertinente:<\/p>\n<ul>\n<li>IE5 (http:\/\/support.microsoft.com\/kb\/196955)<\/li>\n<li>IE6 (http:\/\/support.microsoft.com\/kb\/283185)<\/li>\n<li>IE7 (http:\/\/www.allaboutcookies.org\/manage-cookies\/internet-explorer7-plus.html)<\/li>\n<li>IE8 (http:\/\/www.allaboutcookies.org\/manage-cookies\/internet-explorer8-plus.html)<\/li>\n<li>IE9 (http:\/\/windows.microsoft.com\/is-IS\/windows7\/How-to-manage-cookies-in-Internet-Explorer-9)<\/li>\n<li>Firefox \u2013 http:\/\/support.mozilla.org\/en-US\/kb\/Cookies<\/li>\n<li>Chrome \u2013 http:\/\/support.google.com\/chrome\/bin\/answer.py?hl=en&amp;answer=95647<\/li>\n<li>Safari \u2013 http:\/\/support.apple.com\/kb\/PH5042 (and for iOS \u2013 http:\/\/support.apple.com\/kb\/HT1677)<\/li>\n<\/ul>\n<h2>\u00a0Cookies (o Galletas)<\/h2>\n<p>sobreurbano.com hace uso de cookies, el cual son peque\u00f1os ficheros de datos que se generan en su ordenador, este env\u00eda informaci\u00f3n sin proporcionar referencias que permitan deducir datos personales de \u00e9ste.<\/p>\n<p>En algunas de nuestras p\u00e1ginas web tambi\u00e9n pueden establecerse cookies de terceros (por ejemplo, al pulsar botones de redes sociales o visionar v\u00eddeos alojados en otro sitio web). No podemos acceder a los datos almacenados en esas cookies.<\/p>\n<p>Usamos cookies de \u201csesi\u00f3n\u201d, que le permiten llevar informaci\u00f3n de una p\u00e1gina a otra del Sitio Web sin tener que volver a introducirla. Con las cookies de sesi\u00f3n podemos realizar estad\u00edsticas que nos ayudan a entender c\u00f3mo se usa sobreurbano.com y c\u00f3mo mejorar su estructura.<\/p>\n<p>Usted podr\u00e1 configurar su navegador para que notifique y rechace la instalaci\u00f3n de las cookies enviadas por este sitio, sin que ello perjudique la posibilidad de acceder a los contenidos. Sin embargo, no nos responsabilizamos de que la desactivaci\u00f3n de los mismos impida el buen funcionamiento del sitio.<\/p>\n<p>Para desactivar las Cookies publicitarias y que los sistemas de Google Adsense no creen un perfil de su navegaci\u00f3n, acceda a los enlaces anteriores.<\/p>\n<h2>Marcas Web o Web Beacons<\/h2>\n<p>Al igual que las cookies sobreurbano.com tambi\u00e9n puede contener web beacons, un archivo electr\u00f3nico gr\u00e1fico que permite contabilizar a los usuarios que acceden al sitio o acceden a determinadas cookies del mismo, de esta manera, podremos ofrecerle una experiencia a\u00fan m\u00e1s personalizada.<\/p>\n<h2>Acciones De Terceros<\/h2>\n<p>As\u00ed mismo, usted encontrar\u00e1 dentro de este sitio, p\u00e1ginas, promociones, micrositios, tiendas virtuales, encuestas, patrocinadores, publicistas, contratistas y\/o socios y servicios comerciales, en conjunto con otros servicios compartidos, propios o dependientes de terceros que le podr\u00e1n solicitar Informaci\u00f3n, los cuales este sitio le podr\u00e1 revelar informaci\u00f3n proporcionada por usted.<\/p>\n<p>La Informaci\u00f3n que se proporcione en estos Sitios que dependen de terceros est\u00e1 sujeta a las pol\u00edticas de privacidad o leyendas de responsabilidad de Informaci\u00f3n que se desplieguen propiamente en dichos Sitios y no estar\u00e1 sujeta a esta pol\u00edtica de privacidad. Por lo que recomendamos ampliamente a los Usuarios a revisar detalladamente las pol\u00edticas de privacidad que se desplieguen en estos sitios web.<\/p>\n<p>Pol\u00edtica De Privacidad De La Publicidad que puede ser Proporcionada En Este Sitio:<\/p>\n<p>Google Adsense: http:\/\/www.google.com\/intl\/es_ALL\/privacypolicy.html<\/p>\n<p><strong><a href=\"http:\/\/sobreurbano.com\/index.php\/contacto\/\">Formulario de contacto.<\/a><\/strong><\/p>\n","protected":false},"excerpt":{"rendered":"<p>Pol\u00edtica de privacidad sobreurbano.com puede utilizar cookies propias y de terceros. Las cookies son peque\u00f1os ficheros de datos que se generan en el ordenador del usuario y que nos permiten conocer la siguiente informaci\u00f3n: La fecha y la hora de la \u00faltima vez que el usuario visit\u00f3 nuestro sitio web. El dise\u00f1o de contenidos que &hellip; <a href=\"https:\/\/sobreurbano.com\/index.php\/mas-sobre-las-cookies\/\" class=\"more-link\">Seguir leyendo <span class=\"screen-reader-text\">Mas sobre las cookies<\/span> <span class=\"meta-nav\">&rarr;<\/span><\/a><\/p>\n","protected":false},"author":1,"featured_media":0,"parent":0,"menu_order":0,"comment_status":"closed","ping_status":"closed","template":"","meta":[],"wppr_data":{"cwp_meta_box_check":"No"},"_links":{"self":[{"href":"https:\/\/sobreurbano.com\/index.php\/wp-json\/wp\/v2\/pages\/62"}],"collection":[{"href":"https:\/\/sobreurbano.com\/index.php\/wp-json\/wp\/v2\/pages"}],"about":[{"href":"https:\/\/sobreurbano.com\/index.php\/wp-json\/wp\/v2\/types\/page"}],"author":[{"embeddable":true,"href":"https:\/\/sobreurbano.com\/index.php\/wp-json\/wp\/v2\/users\/1"}],"replies":[{"embeddable":true,"href":"https:\/\/sobreurbano.com\/index.php\/wp-json\/wp\/v2\/comments?post=62"}],"version-history":[{"count":7,"href":"https:\/\/sobreurbano.com\/index.php\/wp-json\/wp\/v2\/pages\/62\/revisions"}],"predecessor-version":[{"id":114,"href":"https:\/\/sobreurbano.com\/index.php\/wp-json\/wp\/v2\/pages\/62\/revisions\/114"}],"wp:attachment":[{"href":"https:\/\/sobreurbano.com\/index.php\/wp-json\/wp\/v2\/media?parent=62"}],"curies":[{"name":"wp","href":"https:\/\/api.w.org\/{rel}","templated":true}]}}