{"id":94,"date":"2017-11-12T16:43:30","date_gmt":"2017-11-12T15:43:30","guid":{"rendered":"http:\/\/sobreurbano.com\/?page_id=94"},"modified":"2017-11-12T17:14:41","modified_gmt":"2017-11-12T16:14:41","slug":"legal","status":"publish","type":"page","link":"https:\/\/sobreurbano.com\/index.php\/legal\/","title":{"rendered":"Legal"},"content":{"rendered":"<p>Pol\u00edtica sobre el uso de sobreurbano.com<\/p>\n<h1>Responsabilidad<\/h1>\n<p>Toda persona que acceda a este sitio web asume el papel de usuario, comprometi\u00e9ndose a la observancia y cumplimiento riguroso de las disposiciones aqu\u00ed dispuestas, as\u00ed como a cualquier otra disposici\u00f3n legal que fuera de aplicaci\u00f3n.<br \/>\nEl administrador se exime de cualquier tipo de responsabilidad derivada de la informaci\u00f3n publicada en su sitio web y por la falta de disponibilidad (ca\u00eddas) del sitio el cual efectuar\u00e1 adem\u00e1s paradas peri\u00f3dicas por mantenimientos t\u00e9cnicos u otras. Adem\u00e1s, el prestador se reserva el derecho a modificar cualquier tipo de informaci\u00f3n que pudiera aparecer en el sitio web, sin que exista obligaci\u00f3n de avisar con antelaci\u00f3n o poner en conocimiento de los usuarios dichas obligaciones, entendi\u00e9ndose como suficiente con la publicaci\u00f3n en el sitio web.<\/p>\n<h1>Pol\u00edtica anti-spam<\/h1>\n<p>El prestador se declara completamente en contra del env\u00edo de comunicaciones comerciales no solicitadas y a cualquier tipo de conducta o manifestaci\u00f3n conocida como \u201cspam\u201d, asimismo se declara comprometido con la lucha contra este tipo de pr\u00e1cticas abusivas.<br \/>\nPor tanto, el prestador garantiza al usuario a que bajo ning\u00fan concepto los datos personales recogidos en el sitio web ser\u00e1n cedidos, compartidos, transferidos, ni vendidos a ning\u00fan tercero.<br \/>\nPor las mismas razones, el proceso de registro no debe ser utilizado para inscribir direcciones de correo de personas ajenas sin el consentimiento expreso de las personas afectadas. sobreurbano.com solo enviar\u00e1 informaci\u00f3n a los correos de los subscriptores que lo hayan solicitado por escrito, al correo del <span style=\"color: #000000;\">responsable<\/span> de la web en la secci\u00f3n de<span style=\"color: #000000;\"> contacto.<\/span> A\u00fan as\u00ed, sobreurbano.com se reserva el derecho de enviar correos a los subscriptores, en caso ser relativos a cambios o al correcto funcionamiento de la web. En caso de recibir alguna notificaci\u00f3n que no tenga que ver con este \u00faltimo motivo, deber\u00e1 comunicarlo a dicho responsable para que investigue y ponga fin a dichos env\u00edos.<br \/>\nCualquier subscriptor puede cancelar la suscripci\u00f3n comunic\u00e1ndoselo al responsable de la web en la secci\u00f3n de contacto.<br \/>\nAdem\u00e1s, el usuario puede ponerse en comunicaci\u00f3n con nosotros a trav\u00e9s del formulario de contacto, que se mantiene en el sitio web tanto para comunicar lo sucedido, como para solicitar la eliminaci\u00f3n inmediata de sus datos de nuestro sistema.<\/p>\n<h1>Tratamiento de los datos personales<\/h1>\n<p>sobreurbano.com dispone de la posibilidad de registro de usuarios para efectuar comentarios en el blog. Tambi\u00e9n los usuarios pueden enviar mensajes a trav\u00e9s de la secci\u00f3n\u00a0de contacto\u00a0sin estar registrados.<br \/>\nDe acuerdo con lo dispuesto en la LOPD, el usuario en cualquier momento, el usuario podr\u00e1 ejercitar sus derechos de acceso, rectificaci\u00f3n, cancelaci\u00f3n, y oposici\u00f3n ante el responsable de la web a trav\u00e9s de la secci\u00f3n de contacto.<\/p>\n<h1>Propiedad Intelectual y uso de los contenidos<\/h1>\n<p>sobreurbano.com, incluyendo a t\u00edtulo enunciativo pero no limitativo su programaci\u00f3n, edici\u00f3n, compilaci\u00f3n y dem\u00e1s elementos necesarios para su funcionamiento, los dise\u00f1os, logotipos, texto y\/o gr\u00e1ficos son propiedad del prestador o en su caso dispone de licencia o autorizaci\u00f3n expresa por parte de los autores.<br \/>\nCualquier uso no autorizado previamente por parte del prestador, ser\u00e1 considerado un incumplimiento grave de los derechos de propiedad intelectual o industrial del autor.<\/p>\n<p>Los contenidos publicados en esta web por parte de los editores, son de creaci\u00f3n propia o corresponden a un desarrollo de diferentes conocimientos recopilados libremente. Por ello se transmiten con la tranquilidad de libertad de uso y dibulgaci\u00f3n por parte de los lectores.<br \/>\nPara realizar cualquier tipo de observaci\u00f3n respecto a posibles incumplimientos de los derechos de propiedad intelectual o industrial, as\u00ed como sobre cualquiera de los contenidos del sitio web, puede hacerlo a trav\u00e9s del formulario de contacto que se mantiene en el sitio web.<\/p>\n<p>El responsable de la web se reserva el derecho de eliminar todo contenido que crea que no se ajusta a la legislaci\u00f3n.<br \/>\nNo se podr\u00e1n usar mensajes y\/o palabras no apropiadas para un lenguaje de comunicaci\u00f3n de estilo civilizado.<\/p>\n<h1>Ley Aplicable y Jurisdicci\u00f3n<\/h1>\n<p>Para la resoluci\u00f3n de todas las controversias o cuestiones relacionadas con el presente sitio web o de las actividades en \u00e9l desarrolladas, ser\u00e1 de aplicaci\u00f3n la legislaci\u00f3n espa\u00f1ola, a la que se someten expresamente las partes.<\/p>\n<p><a href=\"http:\/\/sobreurbano.com\/index.php\/contacto\/\"><strong>Formulario de contacto.<\/strong><\/a><\/p>\n","protected":false},"excerpt":{"rendered":"<p>Pol\u00edtica sobre el uso de sobreurbano.com Responsabilidad Toda persona que acceda a este sitio web asume el papel de usuario, comprometi\u00e9ndose a la observancia y cumplimiento riguroso de las disposiciones aqu\u00ed dispuestas, as\u00ed como a cualquier otra disposici\u00f3n legal que fuera de aplicaci\u00f3n. El administrador se exime de cualquier tipo de responsabilidad derivada de la &hellip; <a href=\"https:\/\/sobreurbano.com\/index.php\/legal\/\" class=\"more-link\">Seguir leyendo <span class=\"screen-reader-text\">Legal<\/span> <span class=\"meta-nav\">&rarr;<\/span><\/a><\/p>\n","protected":false},"author":1,"featured_media":0,"parent":0,"menu_order":0,"comment_status":"closed","ping_status":"closed","template":"","meta":[],"wppr_data":{"cwp_meta_box_check":"No"},"_links":{"self":[{"href":"https:\/\/sobreurbano.com\/index.php\/wp-json\/wp\/v2\/pages\/94"}],"collection":[{"href":"https:\/\/sobreurbano.com\/index.php\/wp-json\/wp\/v2\/pages"}],"about":[{"href":"https:\/\/sobreurbano.com\/index.php\/wp-json\/wp\/v2\/types\/page"}],"author":[{"embeddable":true,"href":"https:\/\/sobreurbano.com\/index.php\/wp-json\/wp\/v2\/users\/1"}],"replies":[{"embeddable":true,"href":"https:\/\/sobreurbano.com\/index.php\/wp-json\/wp\/v2\/comments?post=94"}],"version-history":[{"count":5,"href":"https:\/\/sobreurbano.com\/index.php\/wp-json\/wp\/v2\/pages\/94\/revisions"}],"predecessor-version":[{"id":116,"href":"https:\/\/sobreurbano.com\/index.php\/wp-json\/wp\/v2\/pages\/94\/revisions\/116"}],"wp:attachment":[{"href":"https:\/\/sobreurbano.com\/index.php\/wp-json\/wp\/v2\/media?parent=94"}],"curies":[{"name":"wp","href":"https:\/\/api.w.org\/{rel}","templated":true}]}}